{"id":7161,"date":"2024-11-21T20:00:57","date_gmt":"2024-11-21T20:00:57","guid":{"rendered":"https:\/\/www.wellnessnazahradu.cz\/?post_type=product&#038;p=7161"},"modified":"2024-11-21T20:30:23","modified_gmt":"2024-11-21T20:30:23","slug":"teplomer-helo-brilliant-cerny","status":"publish","type":"product","link":"https:\/\/www.wellnessnazahradu.cz\/index.php\/produkt\/teplomer-helo-brilliant-cerny\/","title":{"rendered":"Teplom\u011br Helo Brilliant \u010dern\u00fd"},"content":{"rendered":"\n<p>\u00fa\u017easn\u00e1 v\u011bc<\/p>\n\n\n\n<figure class=\"wp-block-gallery has-nested-images columns-default is-cropped wp-block-gallery-1 is-layout-flex wp-block-gallery-is-layout-flex\"><\/figure>\n","protected":false},"excerpt":{"rendered":"<p>\u00fa\u017easn\u00e1 v\u011bc<\/p>\n","protected":false},"featured_media":7162,"comment_status":"open","ping_status":"closed","template":"","meta":[],"product_brand":[],"product_cat":[],"product_tag":[],"class_list":{"0":"post-7161","1":"product","2":"type-product","3":"status-publish","4":"has-post-thumbnail","7":"first","8":"instock","9":"sale","10":"taxable","11":"shipping-taxable","12":"purchasable","13":"product-type-simple"},"_links":{"self":[{"href":"https:\/\/www.wellnessnazahradu.cz\/index.php\/wp-json\/wp\/v2\/product\/7161","targetHints":{"allow":["GET"]}}],"collection":[{"href":"https:\/\/www.wellnessnazahradu.cz\/index.php\/wp-json\/wp\/v2\/product"}],"about":[{"href":"https:\/\/www.wellnessnazahradu.cz\/index.php\/wp-json\/wp\/v2\/types\/product"}],"replies":[{"embeddable":true,"href":"https:\/\/www.wellnessnazahradu.cz\/index.php\/wp-json\/wp\/v2\/comments?post=7161"}],"wp:featuredmedia":[{"embeddable":true,"href":"https:\/\/www.wellnessnazahradu.cz\/index.php\/wp-json\/wp\/v2\/media\/7162"}],"wp:attachment":[{"href":"https:\/\/www.wellnessnazahradu.cz\/index.php\/wp-json\/wp\/v2\/media?parent=7161"}],"wp:term":[{"taxonomy":"product_brand","embeddable":true,"href":"https:\/\/www.wellnessnazahradu.cz\/index.php\/wp-json\/wp\/v2\/product_brand?post=7161"},{"taxonomy":"product_cat","embeddable":true,"href":"https:\/\/www.wellnessnazahradu.cz\/index.php\/wp-json\/wp\/v2\/product_cat?post=7161"},{"taxonomy":"product_tag","embeddable":true,"href":"https:\/\/www.wellnessnazahradu.cz\/index.php\/wp-json\/wp\/v2\/product_tag?post=7161"}],"curies":[{"name":"wp","href":"https:\/\/api.w.org\/{rel}","templated":true}]}}